{"id":596,"date":"2026-03-30T14:42:39","date_gmt":"2026-03-30T14:42:39","guid":{"rendered":"https:\/\/publisign.cl\/?post_type=product&#038;p=596"},"modified":"2026-03-30T14:46:49","modified_gmt":"2026-03-30T14:46:49","slug":"plancha-acrilico-blanco-lechoso-3-milimetros-125x185","status":"publish","type":"product","link":"https:\/\/publisign.cl\/index.php\/producto\/plancha-acrilico-blanco-lechoso-3-milimetros-125x185\/","title":{"rendered":"Plancha acr\u00edlico blanco lechoso 3 mil\u00edmetros 125&#215;185"},"content":{"rendered":"","protected":false},"excerpt":{"rendered":"<p>Plancha de 125&#215;185 cent\u00edmetros<br \/>\nEspesor 3 mil\u00edmetros<br \/>\nBlanco lechoso<\/p>\n","protected":false},"featured_media":597,"comment_status":"open","ping_status":"closed","template":"","meta":[],"product_cat":[26],"product_tag":[],"class_list":{"0":"post-596","1":"product","2":"type-product","3":"status-publish","4":"has-post-thumbnail","6":"product_cat-materiales","8":"first","9":"instock","10":"shipping-taxable","11":"purchasable","12":"product-type-simple"},"_links":{"self":[{"href":"https:\/\/publisign.cl\/index.php\/wp-json\/wp\/v2\/product\/596","targetHints":{"allow":["GET"]}}],"collection":[{"href":"https:\/\/publisign.cl\/index.php\/wp-json\/wp\/v2\/product"}],"about":[{"href":"https:\/\/publisign.cl\/index.php\/wp-json\/wp\/v2\/types\/product"}],"replies":[{"embeddable":true,"href":"https:\/\/publisign.cl\/index.php\/wp-json\/wp\/v2\/comments?post=596"}],"wp:featuredmedia":[{"embeddable":true,"href":"https:\/\/publisign.cl\/index.php\/wp-json\/wp\/v2\/media\/597"}],"wp:attachment":[{"href":"https:\/\/publisign.cl\/index.php\/wp-json\/wp\/v2\/media?parent=596"}],"wp:term":[{"taxonomy":"product_cat","embeddable":true,"href":"https:\/\/publisign.cl\/index.php\/wp-json\/wp\/v2\/product_cat?post=596"},{"taxonomy":"product_tag","embeddable":true,"href":"https:\/\/publisign.cl\/index.php\/wp-json\/wp\/v2\/product_tag?post=596"}],"curies":[{"name":"wp","href":"https:\/\/api.w.org\/{rel}","templated":true}]}}