{"id":379,"date":"2024-07-04T16:11:52","date_gmt":"2024-07-04T16:11:52","guid":{"rendered":"https:\/\/publisign.cl\/?post_type=product&#038;p=379"},"modified":"2025-01-15T15:07:29","modified_gmt":"2025-01-15T15:07:29","slug":"completo-led-neon","status":"publish","type":"product","link":"https:\/\/publisign.cl\/index.php\/producto\/completo-led-neon\/","title":{"rendered":"Completo Led Ne\u00f3n"},"content":{"rendered":"","protected":false},"excerpt":{"rendered":"<p>Led Ne\u00f3n segunda generaci\u00f3n.<br \/>\nTama\u00f1o 50&#215;30 cm<br \/>\nAcr\u00edlico de 8 mil\u00edmetros.<\/p>\n","protected":false},"featured_media":380,"comment_status":"open","ping_status":"closed","template":"","meta":[],"product_cat":[23],"product_tag":[],"class_list":{"0":"post-379","1":"product","2":"type-product","3":"status-publish","4":"has-post-thumbnail","6":"product_cat-letreros-led-neon","8":"first","9":"instock","10":"shipping-taxable","11":"purchasable","12":"product-type-simple"},"_links":{"self":[{"href":"https:\/\/publisign.cl\/index.php\/wp-json\/wp\/v2\/product\/379","targetHints":{"allow":["GET"]}}],"collection":[{"href":"https:\/\/publisign.cl\/index.php\/wp-json\/wp\/v2\/product"}],"about":[{"href":"https:\/\/publisign.cl\/index.php\/wp-json\/wp\/v2\/types\/product"}],"replies":[{"embeddable":true,"href":"https:\/\/publisign.cl\/index.php\/wp-json\/wp\/v2\/comments?post=379"}],"wp:featuredmedia":[{"embeddable":true,"href":"https:\/\/publisign.cl\/index.php\/wp-json\/wp\/v2\/media\/380"}],"wp:attachment":[{"href":"https:\/\/publisign.cl\/index.php\/wp-json\/wp\/v2\/media?parent=379"}],"wp:term":[{"taxonomy":"product_cat","embeddable":true,"href":"https:\/\/publisign.cl\/index.php\/wp-json\/wp\/v2\/product_cat?post=379"},{"taxonomy":"product_tag","embeddable":true,"href":"https:\/\/publisign.cl\/index.php\/wp-json\/wp\/v2\/product_tag?post=379"}],"curies":[{"name":"wp","href":"https:\/\/api.w.org\/{rel}","templated":true}]}}