{"id":377,"date":"2024-06-27T22:13:31","date_gmt":"2024-06-27T22:13:31","guid":{"rendered":"https:\/\/publisign.cl\/?post_type=product&#038;p=377"},"modified":"2024-06-27T22:13:31","modified_gmt":"2024-06-27T22:13:31","slug":"caja-con-base-acrilico","status":"publish","type":"product","link":"https:\/\/publisign.cl\/index.php\/producto\/caja-con-base-acrilico\/","title":{"rendered":"Caja con base acr\u00edlico"},"content":{"rendered":"","protected":false},"excerpt":{"rendered":"<p>Caja acr\u00edlica 3 mil\u00edmetros<br \/>\nTama\u00f1o 25x25x25 cent\u00edmetros<br \/>\nBase acr\u00edlico negro<\/p>\n","protected":false},"featured_media":378,"comment_status":"open","ping_status":"closed","template":"","meta":[],"product_cat":[25,24],"product_tag":[],"class_list":{"0":"post-377","1":"product","2":"type-product","3":"status-publish","4":"has-post-thumbnail","6":"product_cat-articulos-para-locales-comerciales","7":"product_cat-articulos-para-puntos-de-venta","9":"first","10":"instock","11":"shipping-taxable","12":"purchasable","13":"product-type-simple"},"_links":{"self":[{"href":"https:\/\/publisign.cl\/index.php\/wp-json\/wp\/v2\/product\/377","targetHints":{"allow":["GET"]}}],"collection":[{"href":"https:\/\/publisign.cl\/index.php\/wp-json\/wp\/v2\/product"}],"about":[{"href":"https:\/\/publisign.cl\/index.php\/wp-json\/wp\/v2\/types\/product"}],"replies":[{"embeddable":true,"href":"https:\/\/publisign.cl\/index.php\/wp-json\/wp\/v2\/comments?post=377"}],"wp:featuredmedia":[{"embeddable":true,"href":"https:\/\/publisign.cl\/index.php\/wp-json\/wp\/v2\/media\/378"}],"wp:attachment":[{"href":"https:\/\/publisign.cl\/index.php\/wp-json\/wp\/v2\/media?parent=377"}],"wp:term":[{"taxonomy":"product_cat","embeddable":true,"href":"https:\/\/publisign.cl\/index.php\/wp-json\/wp\/v2\/product_cat?post=377"},{"taxonomy":"product_tag","embeddable":true,"href":"https:\/\/publisign.cl\/index.php\/wp-json\/wp\/v2\/product_tag?post=377"}],"curies":[{"name":"wp","href":"https:\/\/api.w.org\/{rel}","templated":true}]}}