{"id":326,"date":"2024-06-26T18:07:26","date_gmt":"2024-06-26T18:07:26","guid":{"rendered":"https:\/\/publisign.cl\/?post_type=product&#038;p=326"},"modified":"2024-06-26T18:07:26","modified_gmt":"2024-06-26T18:07:26","slug":"caja-acrilico-con-bisagras","status":"publish","type":"product","link":"https:\/\/publisign.cl\/index.php\/producto\/caja-acrilico-con-bisagras\/","title":{"rendered":"Caja acr\u00edlico con bisagras"},"content":{"rendered":"","protected":false},"excerpt":{"rendered":"<p>Fabricado en acr\u00edlico clear de 3 mil\u00edmetros.<br \/>\nBisagras acr\u00edlicas<\/p>\n","protected":false},"featured_media":327,"comment_status":"open","ping_status":"closed","template":"","meta":[],"product_cat":[25,24],"product_tag":[],"class_list":{"0":"post-326","1":"product","2":"type-product","3":"status-publish","4":"has-post-thumbnail","6":"product_cat-articulos-para-locales-comerciales","7":"product_cat-articulos-para-puntos-de-venta","9":"first","10":"instock","11":"shipping-taxable","12":"purchasable","13":"product-type-variable"},"_links":{"self":[{"href":"https:\/\/publisign.cl\/index.php\/wp-json\/wp\/v2\/product\/326","targetHints":{"allow":["GET"]}}],"collection":[{"href":"https:\/\/publisign.cl\/index.php\/wp-json\/wp\/v2\/product"}],"about":[{"href":"https:\/\/publisign.cl\/index.php\/wp-json\/wp\/v2\/types\/product"}],"replies":[{"embeddable":true,"href":"https:\/\/publisign.cl\/index.php\/wp-json\/wp\/v2\/comments?post=326"}],"wp:featuredmedia":[{"embeddable":true,"href":"https:\/\/publisign.cl\/index.php\/wp-json\/wp\/v2\/media\/327"}],"wp:attachment":[{"href":"https:\/\/publisign.cl\/index.php\/wp-json\/wp\/v2\/media?parent=326"}],"wp:term":[{"taxonomy":"product_cat","embeddable":true,"href":"https:\/\/publisign.cl\/index.php\/wp-json\/wp\/v2\/product_cat?post=326"},{"taxonomy":"product_tag","embeddable":true,"href":"https:\/\/publisign.cl\/index.php\/wp-json\/wp\/v2\/product_tag?post=326"}],"curies":[{"name":"wp","href":"https:\/\/api.w.org\/{rel}","templated":true}]}}