{"id":278,"date":"2024-06-25T21:39:01","date_gmt":"2024-06-25T21:39:01","guid":{"rendered":"https:\/\/publisign.cl\/?post_type=product&#038;p=278"},"modified":"2024-06-25T21:39:01","modified_gmt":"2024-06-25T21:39:01","slug":"cafe-led-neon","status":"publish","type":"product","link":"https:\/\/publisign.cl\/index.php\/producto\/cafe-led-neon\/","title":{"rendered":"Caf\u00e9 Led Ne\u00f3n"},"content":{"rendered":"","protected":false},"excerpt":{"rendered":"<p>Caf\u00e9 Led Ne\u00f3n<br \/>\nFabricado en acr\u00edlico de 8 mm clear<br \/>\nVoltaje; 12V<br \/>\nTama\u00f1o; 50 x 35 cm.<\/p>\n","protected":false},"featured_media":241,"comment_status":"open","ping_status":"closed","template":"","meta":[],"product_cat":[23],"product_tag":[],"class_list":{"0":"post-278","1":"product","2":"type-product","3":"status-publish","4":"has-post-thumbnail","6":"product_cat-letreros-led-neon","8":"first","9":"instock","10":"shipping-taxable","11":"purchasable","12":"product-type-simple"},"_links":{"self":[{"href":"https:\/\/publisign.cl\/index.php\/wp-json\/wp\/v2\/product\/278","targetHints":{"allow":["GET"]}}],"collection":[{"href":"https:\/\/publisign.cl\/index.php\/wp-json\/wp\/v2\/product"}],"about":[{"href":"https:\/\/publisign.cl\/index.php\/wp-json\/wp\/v2\/types\/product"}],"replies":[{"embeddable":true,"href":"https:\/\/publisign.cl\/index.php\/wp-json\/wp\/v2\/comments?post=278"}],"wp:featuredmedia":[{"embeddable":true,"href":"https:\/\/publisign.cl\/index.php\/wp-json\/wp\/v2\/media\/241"}],"wp:attachment":[{"href":"https:\/\/publisign.cl\/index.php\/wp-json\/wp\/v2\/media?parent=278"}],"wp:term":[{"taxonomy":"product_cat","embeddable":true,"href":"https:\/\/publisign.cl\/index.php\/wp-json\/wp\/v2\/product_cat?post=278"},{"taxonomy":"product_tag","embeddable":true,"href":"https:\/\/publisign.cl\/index.php\/wp-json\/wp\/v2\/product_tag?post=278"}],"curies":[{"name":"wp","href":"https:\/\/api.w.org\/{rel}","templated":true}]}}