{"id":8,"date":"2024-06-18T00:23:18","date_gmt":"2024-06-18T00:23:18","guid":{"rendered":"https:\/\/publisign.cl\/?page_id=8"},"modified":"2025-08-06T03:30:40","modified_gmt":"2025-08-06T03:30:40","slug":"quienes-somos","status":"publish","type":"page","link":"https:\/\/publisign.cl\/index.php\/quienes-somos\/","title":{"rendered":"Qui\u00e9nes somos"},"content":{"rendered":"\t\t<div data-elementor-type=\"wp-page\" data-elementor-id=\"8\" class=\"elementor elementor-8\" data-elementor-post-type=\"page\">\n\t\t\t\t\t\t<section class=\"elementor-section elementor-top-section elementor-element elementor-element-cc6c3fd elementor-section-boxed elementor-section-height-default elementor-section-height-default\" data-id=\"cc6c3fd\" data-element_type=\"section\" data-settings=\"{&quot;background_background&quot;:&quot;classic&quot;,&quot;shape_divider_bottom&quot;:&quot;curve&quot;,&quot;shape_divider_bottom_negative&quot;:&quot;yes&quot;}\">\n\t\t\t\t\t\t\t<div class=\"elementor-background-overlay\"><\/div>\n\t\t\t\t\t\t<div class=\"elementor-shape elementor-shape-bottom\" data-negative=\"true\">\n\t\t\t<svg xmlns=\"http:\/\/www.w3.org\/2000\/svg\" viewBox=\"0 0 1000 100\" preserveAspectRatio=\"none\">\n\t<path class=\"elementor-shape-fill\" d=\"M500,97C126.7,96.3,0.8,19.8,0,0v100l1000,0V1C1000,19.4,873.3,97.8,500,97z\"\/>\n<\/svg>\t\t<\/div>\n\t\t\t\t\t<div class=\"elementor-container elementor-column-gap-no\">\n\t\t\t\t\t<div class=\"elementor-column elementor-col-100 elementor-top-column elementor-element elementor-element-bd60484\" data-id=\"bd60484\" data-element_type=\"column\">\n\t\t\t<div class=\"elementor-widget-wrap elementor-element-populated\">\n\t\t\t\t\t\t<div class=\"elementor-element elementor-element-b71c6d8 elementor-widget elementor-widget-heading\" data-id=\"b71c6d8\" data-element_type=\"widget\" data-widget_type=\"heading.default\">\n\t\t\t\t<div class=\"elementor-widget-container\">\n\t\t\t\t\t<h2 class=\"elementor-heading-title elementor-size-default\">Qui\u00e9nes somos<\/h2>\t\t\t\t<\/div>\n\t\t\t\t<\/div>\n\t\t\t\t<div class=\"elementor-element elementor-element-668a4b32 elementor-icon-list--layout-inline elementor-align-center elementor-list-item-link-full_width elementor-widget elementor-widget-icon-list\" data-id=\"668a4b32\" data-element_type=\"widget\" data-widget_type=\"icon-list.default\">\n\t\t\t\t<div class=\"elementor-widget-container\">\n\t\t\t\t\t\t\t<ul class=\"elementor-icon-list-items elementor-inline-items\">\n\t\t\t\t\t\t\t<li class=\"elementor-icon-list-item elementor-inline-item\">\n\t\t\t\t\t\t\t\t\t\t<span class=\"elementor-icon-list-text\">Inicio<\/span>\n\t\t\t\t\t\t\t\t\t<\/li>\n\t\t\t\t\t\t\t\t<li class=\"elementor-icon-list-item elementor-inline-item\">\n\t\t\t\t\t\t\t\t\t\t\t<span class=\"elementor-icon-list-icon\">\n\t\t\t\t\t\t\t<svg aria-hidden=\"true\" class=\"e-font-icon-svg e-fas-chevron-right\" viewBox=\"0 0 320 512\" xmlns=\"http:\/\/www.w3.org\/2000\/svg\"><path d=\"M285.476 272.971L91.132 467.314c-9.373 9.373-24.569 9.373-33.941 0l-22.667-22.667c-9.357-9.357-9.375-24.522-.04-33.901L188.505 256 34.484 101.255c-9.335-9.379-9.317-24.544.04-33.901l22.667-22.667c9.373-9.373 24.569-9.373 33.941 0L285.475 239.03c9.373 9.372 9.373 24.568.001 33.941z\"><\/path><\/svg>\t\t\t\t\t\t<\/span>\n\t\t\t\t\t\t\t\t\t\t<span class=\"elementor-icon-list-text\">Qui\u00e9nes somos<\/span>\n\t\t\t\t\t\t\t\t\t<\/li>\n\t\t\t\t\t\t<\/ul>\n\t\t\t\t\t\t<\/div>\n\t\t\t\t<\/div>\n\t\t\t\t\t<\/div>\n\t\t<\/div>\n\t\t\t\t\t<\/div>\n\t\t<\/section>\n\t\t\t\t<section class=\"elementor-section elementor-top-section elementor-element elementor-element-5e13630d elementor-section-boxed elementor-section-height-default elementor-section-height-default\" data-id=\"5e13630d\" data-element_type=\"section\">\n\t\t\t\t\t\t\t<div class=\"elementor-background-overlay\"><\/div>\n\t\t\t\t\t\t\t<div class=\"elementor-container elementor-column-gap-no\">\n\t\t\t\t\t<div class=\"elementor-column elementor-col-50 elementor-top-column elementor-element elementor-element-11e864e0 elementor-invisible\" data-id=\"11e864e0\" data-element_type=\"column\" data-settings=\"{&quot;animation&quot;:&quot;fadeInLeft&quot;}\">\n\t\t\t<div class=\"elementor-widget-wrap elementor-element-populated\">\n\t\t\t\t\t<div class=\"elementor-background-overlay\"><\/div>\n\t\t\t\t\t\t<div class=\"elementor-element elementor-element-3d13a0a2 elementor-widget__width-auto elementor-widget elementor-widget-image\" data-id=\"3d13a0a2\" data-element_type=\"widget\" data-widget_type=\"image.default\">\n\t\t\t\t<div class=\"elementor-widget-container\">\n\t\t\t\t\t\t\t\t\t\t\t\t\t\t\t<img fetchpriority=\"high\" decoding=\"async\" width=\"800\" height=\"800\" src=\"https:\/\/publisign.cl\/wp-content\/uploads\/2025\/08\/c7937bbe-7153-46c4-88c9-0d7636fd1a96-e1754449489900-1024x1024.jpg\" class=\"attachment-large size-large wp-image-477\" alt=\"\" srcset=\"https:\/\/publisign.cl\/wp-content\/uploads\/2025\/08\/c7937bbe-7153-46c4-88c9-0d7636fd1a96-e1754449489900-1024x1024.jpg 1024w, https:\/\/publisign.cl\/wp-content\/uploads\/2025\/08\/c7937bbe-7153-46c4-88c9-0d7636fd1a96-e1754449489900-300x300.jpg 300w, https:\/\/publisign.cl\/wp-content\/uploads\/2025\/08\/c7937bbe-7153-46c4-88c9-0d7636fd1a96-e1754449489900-150x150.jpg 150w, https:\/\/publisign.cl\/wp-content\/uploads\/2025\/08\/c7937bbe-7153-46c4-88c9-0d7636fd1a96-e1754449489900-768x767.jpg 768w, https:\/\/publisign.cl\/wp-content\/uploads\/2025\/08\/c7937bbe-7153-46c4-88c9-0d7636fd1a96-e1754449489900-600x599.jpg 600w, https:\/\/publisign.cl\/wp-content\/uploads\/2025\/08\/c7937bbe-7153-46c4-88c9-0d7636fd1a96-e1754449489900-100x100.jpg 100w, https:\/\/publisign.cl\/wp-content\/uploads\/2025\/08\/c7937bbe-7153-46c4-88c9-0d7636fd1a96-e1754449489900.jpg 1512w\" sizes=\"(max-width: 800px) 100vw, 800px\" \/>\t\t\t\t\t\t\t\t\t\t\t\t\t\t\t<\/div>\n\t\t\t\t<\/div>\n\t\t\t\t\t<\/div>\n\t\t<\/div>\n\t\t\t\t<div class=\"elementor-column elementor-col-50 elementor-top-column elementor-element elementor-element-1ad437c6\" data-id=\"1ad437c6\" data-element_type=\"column\">\n\t\t\t<div class=\"elementor-widget-wrap elementor-element-populated\">\n\t\t\t\t\t\t<div class=\"elementor-element elementor-element-a9aec38 elementor-invisible elementor-widget elementor-widget-jkit_heading\" data-id=\"a9aec38\" data-element_type=\"widget\" data-settings=\"{&quot;_animation&quot;:&quot;fadeInRight&quot;}\" data-widget_type=\"jkit_heading.default\">\n\t\t\t\t<div class=\"elementor-widget-container\">\n\t\t\t\t\t<div  class=\"jeg-elementor-kit jkit-heading  align- align-tablet- align-mobile- jeg_module___69ea2ae3a5d58\" ><h4 class=\"heading-section-subtitle  style-color\">Nosotros<\/h4><div class=\"heading-section-title  display-inline-block\"><h2 class=\"heading-title\">Qui\u00e9nes somos<\/h2><\/div><div class=\"heading-section-description\"><p>Empresa de publicidad con m\u00e1s de 7 a\u00f1os de excelencia, dedicados a resaltar locales comerciales.<\/p><p>Cont\u00e1ctanos en nuestras v\u00edas de comunicaci\u00f3n:<\/p><p><strong>correo<\/strong>: ventas@publisignchile.com<br \/><strong>wsp<\/strong>: +569 6713 0340<br \/><strong>wsp<\/strong>: +569 4581 4189<br \/><strong>Direcci\u00f3n<\/strong>: Avenida los toros 01717, puente alto.<\/p><\/div><\/div>\t\t\t\t<\/div>\n\t\t\t\t<\/div>\n\t\t\t\t<div class=\"elementor-element elementor-element-435d77a8 elementor-widget__width-auto elementor-widget elementor-widget-jkit_button\" data-id=\"435d77a8\" data-element_type=\"widget\" data-widget_type=\"jkit_button.default\">\n\t\t\t\t<div class=\"elementor-widget-container\">\n\t\t\t\t\t<div  class=\"jeg-elementor-kit jkit-button  icon-position-before jeg_module__1_69ea2ae3a6eee\" ><a href=\"https:\/\/publisign.cl\/index.php\/contacto\/\" class=\"jkit-button-wrapper\">Contacto<\/a><\/div>\t\t\t\t<\/div>\n\t\t\t\t<\/div>\n\t\t\t\t\t<\/div>\n\t\t<\/div>\n\t\t\t\t\t<\/div>\n\t\t<\/section>\n\t\t\t\t<\/div>\n\t\t","protected":false},"excerpt":{"rendered":"<p>Qui\u00e9nes somos Inicio Qui\u00e9nes somos Nosotros Qui\u00e9nes somos Empresa de publicidad con m\u00e1s de 7 a\u00f1os de excelencia, dedicados a resaltar locales comerciales. Cont\u00e1ctanos en nuestras v\u00edas de comunicaci\u00f3n: correo: ventas@publisignchile.comwsp: +569 6713 0340wsp: +569 4581 4189Direcci\u00f3n: Avenida los toros 01717, puente alto. Contacto<\/p>\n","protected":false},"author":1,"featured_media":0,"parent":0,"menu_order":0,"comment_status":"closed","ping_status":"closed","template":"","meta":{"footnotes":""},"class_list":["post-8","page","type-page","status-publish","hentry"],"_links":{"self":[{"href":"https:\/\/publisign.cl\/index.php\/wp-json\/wp\/v2\/pages\/8","targetHints":{"allow":["GET"]}}],"collection":[{"href":"https:\/\/publisign.cl\/index.php\/wp-json\/wp\/v2\/pages"}],"about":[{"href":"https:\/\/publisign.cl\/index.php\/wp-json\/wp\/v2\/types\/page"}],"author":[{"embeddable":true,"href":"https:\/\/publisign.cl\/index.php\/wp-json\/wp\/v2\/users\/1"}],"replies":[{"embeddable":true,"href":"https:\/\/publisign.cl\/index.php\/wp-json\/wp\/v2\/comments?post=8"}],"version-history":[{"count":25,"href":"https:\/\/publisign.cl\/index.php\/wp-json\/wp\/v2\/pages\/8\/revisions"}],"predecessor-version":[{"id":491,"href":"https:\/\/publisign.cl\/index.php\/wp-json\/wp\/v2\/pages\/8\/revisions\/491"}],"wp:attachment":[{"href":"https:\/\/publisign.cl\/index.php\/wp-json\/wp\/v2\/media?parent=8"}],"curies":[{"name":"wp","href":"https:\/\/api.w.org\/{rel}","templated":true}]}}